{"id":22,"date":"2024-05-30T00:15:19","date_gmt":"2024-05-30T00:15:19","guid":{"rendered":"https:\/\/medays.org\/?page_id=22"},"modified":"2025-02-17T20:31:18","modified_gmt":"2025-02-17T20:31:18","slug":"pourquoi-soutenir-les-medays","status":"publish","type":"page","link":"https:\/\/medays.org\/en\/pourquoi-soutenir-les-medays\/","title":{"rendered":"Why support the MEDays?"},"content":{"rendered":"\t\t<div data-elementor-type=\"wp-page\" data-elementor-id=\"22\" class=\"elementor elementor-22\" data-elementor-post-type=\"page\">\n\t\t\t\t<div class=\"elementor-element elementor-element-e36e7a0 e-flex e-con-boxed e-con e-parent\" data-id=\"e36e7a0\" data-element_type=\"container\" data-e-type=\"container\" id=\"particles-js\" data-settings=\"{&quot;background_background&quot;:&quot;classic&quot;}\">\n\t\t\t\t\t<div class=\"e-con-inner\">\n\t\t\t\t<div class=\"elementor-element elementor-element-a69b73c elementor-widget elementor-widget-heading\" data-id=\"a69b73c\" data-element_type=\"widget\" data-e-type=\"widget\" data-widget_type=\"heading.default\">\n\t\t\t\t<div class=\"elementor-widget-container\">\n\t\t\t\t\t<h1 class=\"elementor-heading-title elementor-size-default\">POURQUOI SOUTENIR\nLES MEDAYS ?<\/h1>\t\t\t\t<\/div>\n\t\t\t\t<\/div>\n\t\t\t\t<div class=\"elementor-element elementor-element-bf0daa8 elementor-widget elementor-widget-html\" data-id=\"bf0daa8\" data-element_type=\"widget\" data-e-type=\"widget\" data-widget_type=\"html.default\">\n\t\t\t\t<div class=\"elementor-widget-container\">\n\t\t\t\t\t<style>\r\n.particles-js-canvas-el {\r\n    width: 100%;\r\n    height: 100%;\r\n    position: absolute;\r\n    z-index: 999;\r\n    top: 0;\r\n    left:0;\r\n}\r\n<\/style>\r\n<script src=\"https:\/\/cdn.jsdelivr.net\/particles.js\/2.0.0\/particles.min.js\"><\/script> \r\n<script>\r\nparticlesJS(\"particles-js\", {\"particles\":{\"number\":{\"value\":150,\"density\":{\"enable\":true,\"value_area\":800}},\"color\":{\"value\":\"#ffffff\"},\"shape\":{\"type\":\"circle\",\"stroke\":{\"width\":0,\"color\":\"#000000\"},\"polygon\":{\"nb_sides\":5},\"image\":{\"src\":\"img\/github.svg\",\"width\":100,\"height\":100}},\"opacity\":{\"value\":0.5,\"random\":false,\"anim\":{\"enable\":false,\"speed\":1,\"opacity_min\":0.1,\"sync\":false}},\"size\":{\"value\":3,\"random\":true,\"anim\":{\"enable\":false,\"speed\":40,\"size_min\":0.1,\"sync\":false}},\"line_linked\":{\"enable\":true,\"distance\":150,\"color\":\"#ffffff\",\"opacity\":0.4,\"width\":1},\"move\":{\"enable\":true,\"speed\":6,\"direction\":\"none\",\"random\":false,\"straight\":false,\"out_mode\":\"out\",\"bounce\":false,\"attract\":{\"enable\":false,\"rotateX\":600,\"rotateY\":1200}}},\"interactivity\":{\"detect_on\":\"window\",\"events\":{\"onhover\":{\"enable\":true,\"mode\":\"repulse\"},\"onclick\":{\"enable\":true,\"mode\":\"push\"},\"resize\":true},\"modes\":{\"grab\":{\"distance\":400,\"line_linked\":{\"opacity\":1}},\"bubble\":{\"distance\":400,\"size\":40,\"duration\":2,\"opacity\":8,\"speed\":3},\"repulse\":{\"distance\":200,\"duration\":0.4},\"push\":{\"particles_nb\":4},\"remove\":{\"particles_nb\":2}}},\"retina_detect\":true});var count_particles, stats, update; stats = new Stats; stats.setMode(0); stats.domElement.style.position = 'absolute'; stats.domElement.style.left = '0px'; stats.domElement.style.top = '0px'; document.body.appendChild(stats.domElement); count_particles = document.querySelector('.js-count-particles'); update = function() { stats.begin(); stats.end(); if (window.pJSDom[0].pJS.particles && window.pJSDom[0].pJS.particles.array) { count_particles.innerText = window.pJSDom[0].pJS.particles.array.length; } requestAnimationFrame(update); }; requestAnimationFrame(update);;\r\n<\/script>\t\t\t\t<\/div>\n\t\t\t\t<\/div>\n\t\t\t\t\t<\/div>\n\t\t\t\t<\/div>\n\t\t<div class=\"elementor-element elementor-element-713e884 e-flex e-con-boxed e-con e-parent\" data-id=\"713e884\" data-element_type=\"container\" data-e-type=\"container\" data-settings=\"{&quot;background_background&quot;:&quot;classic&quot;}\">\n\t\t\t\t\t<div class=\"e-con-inner\">\n\t\t\t\t<div class=\"elementor-element elementor-element-fa832c7 elementor-widget elementor-widget-text-editor\" data-id=\"fa832c7\" data-element_type=\"widget\" data-e-type=\"widget\" data-widget_type=\"text-editor.default\">\n\t\t\t\t<div class=\"elementor-widget-container\">\n\t\t\t\t\t\t\t\t\t<p>\u00catre partenaire du Forum MEDays c\u2019est pour votre organisme s\u2019associer :<br \/>\u2022\u2060 \u2060A l\u2019une des principales conf\u00e9rences internationales organis\u00e9es en Afrique et dans le Monde Arabe ;<br \/>\u2022\u2060 \u2060A un v\u00e9ritable un outil de \u00ab soft power \u00bb efficace et performant au service des Visions Royales novatrices, mais \u00e9galement un instrument concret de plaidoyer par l\u2019Afrique pour l\u2019Afrique ;<br \/>\u2022\u2060 \u2060A l\u2019un des seuls \u00e9v\u00e8nements de cette envergure \u00e0 \u00eatre inscrit dans la dur\u00e9e, pouvant justifier d\u2019une existence de plus de 15 ans et durablement install\u00e9 dans l\u2019agenda mondial des grandes conf\u00e9rences ;<br \/>\u2022\u2060 \u2060Au \u00ab Forum du Sud \u00bb, qui porte la voix de l\u2019Afrique et des Suds, autour duquel les pays du Sud se retrouvent pour partager leurs exp\u00e9riences nationales et r\u00e9gionales et pour affirmer leurs positions ind\u00e9pendantes et souveraines dans un Monde multipolaris\u00e9 ;<br \/>\u2022\u2060 \u2060A un r\u00e9el \u00ab Rendez-vous \u00bb de d\u00e9cideurs internationaux, de hauts responsables politiques et d\u2019acteurs \u00e9conomiques de premier plan ;<br \/>\u2022\u2060 \u2060A une conf\u00e9rence internationale de dimension globale qui accueille \u00e0 chaque \u00e9dition plus de 7000 participants, venus de plus de 120 pays ;<br \/>\u2022\u2060 \u2060A l\u2019\u00ab Universit\u00e9 de la G\u00e9opolitique \u00bb qui re\u00e7oit de nombreux \u00e9tudiants marocains et africains, plus de 2000 en 2024 ;<br \/>\u2022\u2060 \u2060A une plateforme efficace et cr\u00e9dible d\u2019interactions et d\u2019influence sans commune mesure comparable \u00e0 d\u2019autres \u00e9v\u00e8nements, b\u00e9n\u00e9ficiant d\u2019une tr\u00e8s large couverture m\u00e9diatique internationale (plus de 250 journalistes et de 100 m\u00e9dias nationaux et internationaux couvrent chaque ann\u00e9e les MEDays).<br \/><br \/><\/p><p>Soutenir les MEDays c\u2019est donc s\u2019associer \u00e0 la plus grande manifestation internationale marocaine non gouvernementale, l\u2019une des plus influentes en Afrique et dans le Monde Arabe, destin\u00e9e \u00e0 promouvoir l\u2019analyse et la r\u00e9flexion pour l\u2019action et l\u2019impact dans les relations internationales, avec une perspective Sud.<br \/>Enfin, \u00eatre partenaire des MEDays vous offre l\u2019opportunit\u00e9 de b\u00e9n\u00e9ficier d\u2019un large r\u00e9seau de leaders politiques et \u00e9conomiques et de m\u00e9dias les plus influents pour dynamiser l\u2019image de votre organisation aux niveaux national et international.<\/p>\t\t\t\t\t\t\t\t<\/div>\n\t\t\t\t<\/div>\n\t\t\t\t\t<\/div>\n\t\t\t\t<\/div>\n\t\t\t\t<\/div>\n\t\t","protected":false},"excerpt":{"rendered":"<p>POURQUOI SOUTENIR LES MEDAYS ? \u00catre partenaire du Forum MEDays c\u2019est pour votre organisme s\u2019associer :\u2022\u2060 \u2060A l\u2019une des principales [&hellip;]<\/p>\n","protected":false},"author":1,"featured_media":0,"parent":0,"menu_order":0,"comment_status":"closed","ping_status":"closed","template":"","meta":{"site-sidebar-layout":"no-sidebar","site-content-layout":"","ast-site-content-layout":"full-width-container","site-content-style":"default","site-sidebar-style":"default","ast-global-header-display":"","ast-banner-title-visibility":"","ast-main-header-display":"","ast-hfb-above-header-display":"","ast-hfb-below-header-display":"","ast-hfb-mobile-header-display":"","site-post-title":"disabled","ast-breadcrumbs-content":"","ast-featured-img":"disabled","footer-sml-layout":"","ast-disable-related-posts":"","theme-transparent-header-meta":"","adv-header-id-meta":"","stick-header-meta":"","header-above-stick-meta":"","header-main-stick-meta":"","header-below-stick-meta":"","astra-migrate-meta-layouts":"default","ast-page-background-enabled":"default","ast-page-background-meta":{"desktop":{"background-color":"var(--ast-global-color-4)","background-image":"","background-repeat":"repeat","background-position":"center center","background-size":"auto","background-attachment":"scroll","background-type":"","background-media":"","overlay-type":"","overlay-color":"","overlay-opacity":"","overlay-gradient":""},"tablet":{"background-color":"","background-image":"","background-repeat":"repeat","background-position":"center center","background-size":"auto","background-attachment":"scroll","background-type":"","background-media":"","overlay-type":"","overlay-color":"","overlay-opacity":"","overlay-gradient":""},"mobile":{"background-color":"","background-image":"","background-repeat":"repeat","background-position":"center center","background-size":"auto","background-attachment":"scroll","background-type":"","background-media":"","overlay-type":"","overlay-color":"","overlay-opacity":"","overlay-gradient":""}},"ast-content-background-meta":{"desktop":{"background-color":"var(--ast-global-color-5)","background-image":"","background-repeat":"repeat","background-position":"center center","background-size":"auto","background-attachment":"scroll","background-type":"","background-media":"","overlay-type":"","overlay-color":"","overlay-opacity":"","overlay-gradient":""},"tablet":{"background-color":"var(--ast-global-color-5)","background-image":"","background-repeat":"repeat","background-position":"center center","background-size":"auto","background-attachment":"scroll","background-type":"","background-media":"","overlay-type":"","overlay-color":"","overlay-opacity":"","overlay-gradient":""},"mobile":{"background-color":"var(--ast-global-color-5)","background-image":"","background-repeat":"repeat","background-position":"center center","background-size":"auto","background-attachment":"scroll","background-type":"","background-media":"","overlay-type":"","overlay-color":"","overlay-opacity":"","overlay-gradient":""}},"footnotes":""},"class_list":["post-22","page","type-page","status-publish","hentry"],"_links":{"self":[{"href":"https:\/\/medays.org\/en\/wp-json\/wp\/v2\/pages\/22","targetHints":{"allow":["GET"]}}],"collection":[{"href":"https:\/\/medays.org\/en\/wp-json\/wp\/v2\/pages"}],"about":[{"href":"https:\/\/medays.org\/en\/wp-json\/wp\/v2\/types\/page"}],"author":[{"embeddable":true,"href":"https:\/\/medays.org\/en\/wp-json\/wp\/v2\/users\/1"}],"replies":[{"embeddable":true,"href":"https:\/\/medays.org\/en\/wp-json\/wp\/v2\/comments?post=22"}],"version-history":[{"count":43,"href":"https:\/\/medays.org\/en\/wp-json\/wp\/v2\/pages\/22\/revisions"}],"predecessor-version":[{"id":1159,"href":"https:\/\/medays.org\/en\/wp-json\/wp\/v2\/pages\/22\/revisions\/1159"}],"wp:attachment":[{"href":"https:\/\/medays.org\/en\/wp-json\/wp\/v2\/media?parent=22"}],"curies":[{"name":"wp","href":"https:\/\/api.w.org\/{rel}","templated":true}]}}