{"id":554,"date":"2024-06-01T16:13:21","date_gmt":"2024-06-01T16:13:21","guid":{"rendered":"https:\/\/medays.org\/?page_id=554"},"modified":"2024-08-29T11:57:18","modified_gmt":"2024-08-29T11:57:18","slug":"medays-2024-thematique","status":"publish","type":"page","link":"https:\/\/medays.org\/en\/medays-2024-thematique\/","title":{"rendered":"MEDAYS 2024 THEMATIQUE"},"content":{"rendered":"<div data-elementor-type=\"wp-page\" data-elementor-id=\"554\" class=\"elementor elementor-554\" data-elementor-post-type=\"page\">\n\t\t\t\t<div class=\"elementor-element elementor-element-d83e854 e-flex e-con-boxed e-con e-parent\" data-id=\"d83e854\" data-element_type=\"container\" data-e-type=\"container\" data-settings=\"{&quot;background_background&quot;:&quot;classic&quot;}\">\n\t\t\t\t\t<div class=\"e-con-inner\">\n\t\t\t\t<div class=\"elementor-element elementor-element-c0d4c38 elementor-widget elementor-widget-heading\" data-id=\"c0d4c38\" data-element_type=\"widget\" data-e-type=\"widget\" data-widget_type=\"heading.default\">\n\t\t\t\t<div class=\"elementor-widget-container\">\n\t\t\t\t\t<h2 class=\"elementor-heading-title elementor-size-default\">MEDAYS 2024<\/h2>\t\t\t\t<\/div>\n\t\t\t\t<\/div>\n\t\t\t\t\t<\/div>\n\t\t\t\t<\/div>\n\t\t<div class=\"elementor-element elementor-element-47a93e5 e-flex e-con-boxed e-con e-parent\" data-id=\"47a93e5\" data-element_type=\"container\" data-e-type=\"container\" data-settings=\"{&quot;background_background&quot;:&quot;classic&quot;}\">\n\t\t\t\t\t<div class=\"e-con-inner\">\n\t\t\t\t<div class=\"elementor-element elementor-element-c1f08a6 elementor-widget elementor-widget-text-editor\" data-id=\"c1f08a6\" data-element_type=\"widget\" data-e-type=\"widget\" data-widget_type=\"text-editor.default\">\n\t\t\t\t<div class=\"elementor-widget-container\">\n\t\t\t\t\t\t\t\t\t<p>MEDays 2024 will address the complexity of today\u2019s geopolitical landscape, marked by growing tensions and fragmentation of the international order. The multipolarity of the global system, characterized by the distribution of power among multiple state and non-state actors, challenges traditional hegemony and ushers in a new era of uncertainty and competition for influence and resources.<br \/>The need for balance is crucial to maintaining peace and stability in a world where the interests and ambitions of different poles of power can come into conflict. Resilience, at both national and global levels, is required to cope with the shocks and crises that emerge from this complex configuration, enabling states to adapt and overcome challenges without compromising their sovereignty.<\/p><p>Sovereignty in the broadest sense of the term will be at the heart of discussions, as it is constantly called into question by fluctuating power dynamics and external interventions.\nThe situation in the Sahel is a particular illustration of the challenges posed by this multipolarity.<br \/>The military regimes in power, resulting from coups d\u2019\u00e9tat, bear witness to the struggle for sovereignty and stability in a region where armed conflict and insecurity threatens the daily lives of populations. The growing presence of mercenary groups such as the Wagner Group intensifies these tensions, highlighting the need for a more holistic approach to address sovereignty and security concerns in the region .<\/p><p><br \/>Recent geopolitical tensions, such as the conflicts in Ukraine, Sino-American friction over trade and technology issues, rivalries in the South China Sea and Western determination to permanently undermine Russia, and exacerbate the fragmentation of the world order.<\/p><p><br \/>These crises raise questions about the ability of existing governance structures to promote peace and cooperation in an increasingly divided international environment.<\/p><p><br \/>In this context, MEDays 2024 aims to explore strategies enabling states to strengthen their resilience in the face of these interconnected challenges, while preserving their sovereignty and independence. The Forum thus aims to stimulate constructive dialogue on how to achieve a new global balance, where multipolarity is seen as an opportunity for more equitable, balanced, and inclusive collaboration between nations, rather than being perceived as a source of division.<br \/>mis sur les d\u00e9fis et les opportunit\u00e9s auxquels l\u2019Afrique et les pays du \u00ab Sud-global \u00bb font face. Les MEDays 2024 ambitionnent d\u2019\u00eatre la plateforme idoine pour aborder des questions telles que la s\u00e9curit\u00e9 alimentaire, la transition \u00e9nerg\u00e9tique, l\u2019innovation technologique et la gestion des crises environnementales, dans le but de promouvoir des solutions innovantes et adapt\u00e9es aux r\u00e9alit\u00e9s r\u00e9gionales.<\/p><p><br \/>Commitment to inclusive and sustainable development will be at the heart of the discussions, with a particular focus on the challenges and opportunities facing Africa and the countries of the \u00abGlobal South\u00bb. MEDays 2024 aims to be the ideal platform for addressing issues such as food security, energy transition, technological innovation and environmental crisis management, to promote innovative solutions tailored to regional realities.<br \/>Discussions will aim to identify strategies for navigating this changing geopolitical landscape, with an emphasis on the need to strengthen mechanisms for international cooperation and multilateral governance. To this end, the MEDays will seek to promote innovative diplomatic approaches capable of overcoming current impasses.\nIn short, the MEDays aspires, once again in 2024, to be a crossroads where world leaders, experts, political and economic decision-makers can come together to shape a future where state sovereignty is safeguarded and global challenges are tackled collaboratively and constructively.<\/p><p><br \/>The \u00abSouthern Forum\u00bb is positioned as a decisive space for reflection and action, aimed at contributing to the \u00e9mergence of a more stable, balanced, and resilient \u00abpolyworld\u00bb in the face of the \u00abpolycrisis\u00bb that characterize our times.<\/p>\t\t\t\t\t\t\t\t<\/div>\n\t\t\t\t<\/div>\n\t\t\t\t\t<\/div>\n\t\t\t\t<\/div>\n\t\t\t\t<\/div>","protected":false},"excerpt":{"rendered":"<p>MEDAYS 2024 Les MEDays 2024 se pencheront sur la complexit\u00e9 du paysage g\u00e9opolitique actuel, marqu\u00e9 par des tensions croissantes et [&hellip;]<\/p>\n","protected":false},"author":1,"featured_media":0,"parent":0,"menu_order":0,"comment_status":"closed","ping_status":"closed","template":"elementor_header_footer","meta":{"site-sidebar-layout":"no-sidebar","site-content-layout":"","ast-site-content-layout":"full-width-container","site-content-style":"default","site-sidebar-style":"default","ast-global-header-display":"","ast-banner-title-visibility":"","ast-main-header-display":"","ast-hfb-above-header-display":"","ast-hfb-below-header-display":"","ast-hfb-mobile-header-display":"","site-post-title":"disabled","ast-breadcrumbs-content":"","ast-featured-img":"disabled","footer-sml-layout":"","ast-disable-related-posts":"","theme-transparent-header-meta":"","adv-header-id-meta":"","stick-header-meta":"","header-above-stick-meta":"","header-main-stick-meta":"","header-below-stick-meta":"","astra-migrate-meta-layouts":"default","ast-page-background-enabled":"default","ast-page-background-meta":{"desktop":{"background-color":"var(--ast-global-color-4)","background-image":"","background-repeat":"repeat","background-position":"center center","background-size":"auto","background-attachment":"scroll","background-type":"","background-media":"","overlay-type":"","overlay-color":"","overlay-opacity":"","overlay-gradient":""},"tablet":{"background-color":"","background-image":"","background-repeat":"repeat","background-position":"center center","background-size":"auto","background-attachment":"scroll","background-type":"","background-media":"","overlay-type":"","overlay-color":"","overlay-opacity":"","overlay-gradient":""},"mobile":{"background-color":"","background-image":"","background-repeat":"repeat","background-position":"center center","background-size":"auto","background-attachment":"scroll","background-type":"","background-media":"","overlay-type":"","overlay-color":"","overlay-opacity":"","overlay-gradient":""}},"ast-content-background-meta":{"desktop":{"background-color":"var(--ast-global-color-5)","background-image":"","background-repeat":"repeat","background-position":"center center","background-size":"auto","background-attachment":"scroll","background-type":"","background-media":"","overlay-type":"","overlay-color":"","overlay-opacity":"","overlay-gradient":""},"tablet":{"background-color":"var(--ast-global-color-5)","background-image":"","background-repeat":"repeat","background-position":"center center","background-size":"auto","background-attachment":"scroll","background-type":"","background-media":"","overlay-type":"","overlay-color":"","overlay-opacity":"","overlay-gradient":""},"mobile":{"background-color":"var(--ast-global-color-5)","background-image":"","background-repeat":"repeat","background-position":"center center","background-size":"auto","background-attachment":"scroll","background-type":"","background-media":"","overlay-type":"","overlay-color":"","overlay-opacity":"","overlay-gradient":""}},"footnotes":""},"class_list":["post-554","page","type-page","status-publish","hentry"],"_links":{"self":[{"href":"https:\/\/medays.org\/en\/wp-json\/wp\/v2\/pages\/554","targetHints":{"allow":["GET"]}}],"collection":[{"href":"https:\/\/medays.org\/en\/wp-json\/wp\/v2\/pages"}],"about":[{"href":"https:\/\/medays.org\/en\/wp-json\/wp\/v2\/types\/page"}],"author":[{"embeddable":true,"href":"https:\/\/medays.org\/en\/wp-json\/wp\/v2\/users\/1"}],"replies":[{"embeddable":true,"href":"https:\/\/medays.org\/en\/wp-json\/wp\/v2\/comments?post=554"}],"version-history":[{"count":31,"href":"https:\/\/medays.org\/en\/wp-json\/wp\/v2\/pages\/554\/revisions"}],"predecessor-version":[{"id":870,"href":"https:\/\/medays.org\/en\/wp-json\/wp\/v2\/pages\/554\/revisions\/870"}],"wp:attachment":[{"href":"https:\/\/medays.org\/en\/wp-json\/wp\/v2\/media?parent=554"}],"curies":[{"name":"wp","href":"https:\/\/api.w.org\/{rel}","templated":true}]}}